{"id":1275,"date":"2020-02-03T12:14:10","date_gmt":"2020-02-03T11:14:10","guid":{"rendered":"https:\/\/www.jka-shokukai.de\/?page_id=1275"},"modified":"2026-03-16T19:13:19","modified_gmt":"2026-03-16T18:13:19","slug":"jka-shokukai-verein-in-deutschland","status":"publish","type":"page","link":"https:\/\/www.jka-shokukai.de\/index.php\/vereine-dojo\/jka-shokukai-verein-in-deutschland\/","title":{"rendered":"JKA Shokukai Verein in Deutschland"},"content":{"rendered":"\n<figure class=\"wp-block-image\"><img decoding=\"async\" src=\"https:\/\/www.jka-shokukai.de\/wp-content\/uploads\/2019\/07\/JKA_SHOKUKAI_Jinja-1.png\" alt=\"\" class=\"wp-image-466\"\/><\/figure>\n\n\n\n<h2 class=\"wp-block-heading\">JKA Shokukai Germany <br>JKA Bundesstilrichtung im Deutschen Karate Verband &#8211; <br>German Karate Federation<\/h2>\n\n\n\n<p>JKA Shokukai Verein in Deutschland, JKA Shokukai member clubs in Germany<br>Wenn auch Ihr Verein direktes Mitglied der JKA werde m\u00f6chte, setzen Sie sich mit uns in Verbindung.<\/p>\n\n\n<h3><span style=\"color: revert; font-size: revert; font-weight: revert; font-family: -apple-system, BlinkMacSystemFont, 'Segoe UI', Roboto, Oxygen-Sans, Ubuntu, Cantarell, 'Helvetica Neue', sans-serif;\">Hessen: 7 Vereine | JKA Dojo<\/span><\/h3>\n<hr \/>\n<div class=\"page\" title=\"Page 1\">\n<div class=\"section\">\n<div class=\"layoutArea\">\n<div class=\"column\">\n<h3>Berlin: 4 Vereine | JKA Dojo<\/h3>\n<\/div>\n<\/div>\n<\/div>\n<\/div>\n<div class=\"page\" title=\"Page 2\">\n<div class=\"section\">\n<div class=\"layoutArea\">\n<div class=\"column\">\n<div class=\"page\" title=\"Page 2\">\n<div class=\"section\">\n<div class=\"layoutArea\">\n<div class=\"column\">\n<div class=\"page\" title=\"Page 3\">\n<div class=\"section\">\n<div class=\"layoutArea\">\n<div class=\"column\"><hr \/>\n<h3>NRW: 4 Vereine | JKA Dojo<\/h3>\n<div class=\"page\" title=\"Page 3\">\n<div class=\"section\">\n<div class=\"layoutArea\">\n<div class=\"column\">\n<div class=\"page\" title=\"Page 4\">\n<div class=\"section\">\n<div class=\"layoutArea\">\n<div class=\"column\">\n<div class=\"page\" title=\"Page 4\">\n<div class=\"section\">\n<div class=\"layoutArea\">\n<div class=\"column\">\n<div class=\"page\" title=\"Page 5\">\n<div class=\"section\">\n<div class=\"layoutArea\">\n<div class=\"column\">\n<div class=\"page\" title=\"Page 5\">\n<div class=\"section\">\n<div class=\"layoutArea\">\n<div class=\"column\"><hr \/>\n<div class=\"page\" title=\"Page 6\">\n<div class=\"section\">\n<div class=\"layoutArea\">\n<div class=\"column\">\n<h3>Bayern: 3 Vereine | JKA Dojo<\/h3>\n<div class=\"page\" title=\"Page 6\">\n<div class=\"section\">\n<div class=\"layoutArea\">\n<div class=\"column\"><hr \/>\n<div class=\"page\" title=\"Page 7\">\n<div class=\"section\">\n<div class=\"layoutArea\">\n<div class=\"column\">\n<h3>Schleswig-Holstein: 3 Vereine | JKA Dojo<\/h3>\n<div class=\"page\" title=\"Page 7\">\n<div class=\"section\">\n<div class=\"layoutArea\">\n<div class=\"column\"><hr \/>\n<h3>Niedersachsen: 3 Verein | JKA Dojo<\/h3>\n<hr \/>\n<h3>Sachsen Anhalt: 2 Verein | JKA Dojo<\/h3>\n<hr \/>\n<h3>Baden-Wu\u0308rttemberg: 1 Verein | JKA Dojo<\/h3>\n<hr \/>\n<h3>Sachsen: 1 Verein | JKA Dojo<\/h3>\n<hr \/>\n<h3>Mecklenburg-Vorpommern: 1 Vereine | JKA Dojo<\/h3>\n<div class=\"page\" title=\"Page 8\">\n<div class=\"section\">\n<div class=\"layoutArea\">\n<div class=\"column\">\n<div class=\"page\" title=\"Page 8\">\n<div class=\"section\">\n<div class=\"layoutArea\">\n<div class=\"column\"><hr \/><\/div>\n<p>Auswertung DKV Gesch\u00e4ftsstelle: Bundesl\u00e4nder Stilrichtung: JKA Shokukai , Liste wird regelm\u00e4\u00dfig \u00fcberarbeitet, Vollst\u00e4ndigkeit ist zeitlich variant.<\/p>\n<\/div>\n<\/div>\n<\/div>\n<\/div>\n<\/div>\n<\/div>\n<\/div>\n<\/div>\n<\/div>\n<\/div>\n<\/div>\n<\/div>\n<\/div>\n<\/div>\n<\/div>\n<\/div>\n<\/div>\n<\/div>\n<\/div>\n<\/div>\n<\/div>\n<\/div>\n<\/div>\n<\/div>\n<\/div>\n<\/div>\n<\/div>\n<\/div>\n<\/div>\n<\/div>\n<\/div>\n<\/div>\n<\/div>\n<\/div>\n<\/div>\n<\/div>\n<\/div>\n<\/div>\n<\/div>\n<\/div>\n<\/div>\n<\/div>\n<\/div>\n<\/div>\n<\/div>\n<\/div>\n<\/div>\n<\/div>\n<\/div>\n<\/div>\n<\/div>\n<\/div>\n<\/div>\n<\/div>\n<\/div>\n\n\n<div class=\"wp-block-columns is-layout-flex wp-container-core-columns-is-layout-9d6595d7 wp-block-columns-is-layout-flex\">\n<div class=\"wp-block-column is-layout-flow wp-block-column-is-layout-flow\">\n<h2 class=\"wp-block-heading\">Zertifikat als durch das JKA HQ autorisierte Organisation in Deutschland<br><\/h2>\n\n\n\n<p>JKA Shotokan Karate Kyokai (JKA SHO KU KAI \u65e5\u672c\u7a7a\u624b\u5354\u4f1a\u677e\u7a7a\u4f1a) ist die zweite Vertretung (2nd JKA Branch in Germany, <a href=\"https:\/\/www.jka.or.jp\/en\/branch-search-en\/branch-europe\/club-germany\/#JKAShokukai\" target=\"_blank\" rel=\"noopener\" title=\"\">DE-002<\/a>) der\u00a0<a href=\"https:\/\/www.jka.or.jp\/\" target=\"_blank\" rel=\"noreferrer noopener\">Japan Karate Assiociation<\/a>\u00a0in Deutschland. Sie bildet eine eigene Bundesstilrichtung f\u00fcr JKA Karate im\u00a0<a href=\"https:\/\/www.karate.de\/\" target=\"_blank\" rel=\"noreferrer noopener\">Deutschen Karate Verband e.V.\u00a0<\/a>\u00a0(DKV) und ist \u00fcber die Landesverb\u00e4nde des DKV in vielen Bundesl\u00e4ndern in Deutschland vertreten. Der DKV ist der staatlich anerkannte Fachverband f\u00fcr Karate und Mitglied des Deutschen Olympischen Sportbundes.<\/p>\n<\/div>\n\n\n\n<div class=\"wp-block-column is-layout-flow wp-block-column-is-layout-flow\">\n<figure class=\"wp-block-image size-full\"><img loading=\"lazy\" decoding=\"async\" width=\"651\" height=\"798\" src=\"https:\/\/www.jka-shokukai.de\/wp-content\/uploads\/2020\/05\/JKA-Zertifikat.jpg\" alt=\"\" class=\"wp-image-1301\"\/><\/figure>\n<\/div>\n<\/div>\n\n\n\n<p><\/p>\n","protected":false},"excerpt":{"rendered":"<p>JKA Shokukai Germany JKA Bundesstilrichtung im Deutschen Karate Verband &#8211; German Karate Federation JKA Shokukai Verein in Deutschland, JKA Shokukai member clubs in GermanyWenn auch Ihr Verein direktes Mitglied der JKA werde m\u00f6chte, setzen Sie sich mit uns in Verbindung. Hessen: 7 Vereine | JKA Dojo Berlin: 4 Vereine | JKA Dojo NRW: 4 Vereine | JKA Dojo Bayern: 3 Vereine | JKA Dojo <a class=\"read-more\" href=\"https:\/\/www.jka-shokukai.de\/index.php\/vereine-dojo\/jka-shokukai-verein-in-deutschland\/\">read more | mehr&#8230;<\/a><\/p>\n","protected":false},"author":5,"featured_media":0,"parent":536,"menu_order":0,"comment_status":"closed","ping_status":"closed","template":"","meta":{"footnotes":""},"class_list":["post-1275","page","type-page","status-publish","hentry","list-bigimage-post"],"aioseo_notices":[],"_links":{"self":[{"href":"https:\/\/www.jka-shokukai.de\/index.php\/wp-json\/wp\/v2\/pages\/1275","targetHints":{"allow":["GET"]}}],"collection":[{"href":"https:\/\/www.jka-shokukai.de\/index.php\/wp-json\/wp\/v2\/pages"}],"about":[{"href":"https:\/\/www.jka-shokukai.de\/index.php\/wp-json\/wp\/v2\/types\/page"}],"author":[{"embeddable":true,"href":"https:\/\/www.jka-shokukai.de\/index.php\/wp-json\/wp\/v2\/users\/5"}],"replies":[{"embeddable":true,"href":"https:\/\/www.jka-shokukai.de\/index.php\/wp-json\/wp\/v2\/comments?post=1275"}],"version-history":[{"count":12,"href":"https:\/\/www.jka-shokukai.de\/index.php\/wp-json\/wp\/v2\/pages\/1275\/revisions"}],"predecessor-version":[{"id":2885,"href":"https:\/\/www.jka-shokukai.de\/index.php\/wp-json\/wp\/v2\/pages\/1275\/revisions\/2885"}],"up":[{"embeddable":true,"href":"https:\/\/www.jka-shokukai.de\/index.php\/wp-json\/wp\/v2\/pages\/536"}],"wp:attachment":[{"href":"https:\/\/www.jka-shokukai.de\/index.php\/wp-json\/wp\/v2\/media?parent=1275"}],"curies":[{"name":"wp","href":"https:\/\/api.w.org\/{rel}","templated":true}]}}