{"id":1677,"date":"2022-03-20T15:30:41","date_gmt":"2022-03-20T14:30:41","guid":{"rendered":"https:\/\/www.jka-shokukai.de\/?page_id=1677"},"modified":"2026-03-01T16:26:02","modified_gmt":"2026-03-01T15:26:02","slug":"jka-kampfrichter-taikai","status":"publish","type":"page","link":"https:\/\/www.jka-shokukai.de\/index.php\/jka-kampfrichter-taikai\/","title":{"rendered":"JKA Kampfrichter &#038; Taikai"},"content":{"rendered":"<figure id=\"attachment_911\" aria-describedby=\"caption-attachment-911\" style=\"width: 1720px\" class=\"wp-caption alignnone\"><img loading=\"lazy\" decoding=\"async\" class=\"wp-image-911 size-full\" src=\"https:\/\/www.jka-shokukai.de\/wp-content\/uploads\/2019\/03\/JKASHOKUKAI_Taikai_09.png\" alt=\"\" width=\"1720\" height=\"832\" \/><figcaption id=\"caption-attachment-911\" class=\"wp-caption-text\">JKA Karate Germany<\/figcaption><\/figure>\n<h1>JKA Karate Germany &#8211; Taikai<\/h1>\n<p>Die DKV Bundesstilrichtung JKA Shokukai folgt den Vorgaben des <a href=\"https:\/\/www.jka.or.jp\/en\/download-JKA-manual\/\" target=\"_blank\" rel=\"noopener noreferrer\">JKA Headquarters<\/a> und deren Wettkampfregeln auf allen ihren Turnieren in Deutschland.<\/p>\n<p>Die Wettkampfordnung im JKA Shokukai entspricht den Festlegungen des JKA Headquarters Tokyo Japan. (Beschluss der Bundesversammlung in Erfurt von 2015)<\/p>\n<h2>Organisation der Turniere (Taikai) im JKA Shokukai<\/h2>\n<p><strong>Wettk\u00e4mpfe finden als Kata Shiai und Kumite Shiai statt.<\/strong><\/p>\n<p>Im <em><strong>Kata Shiai<\/strong><\/em> sind nur Kata der JKA Kata-Liste entsprechen der Regularien und Ausf\u00fchrungen des JKA Headquarters (JKA HQ) erlaubt. <a href=\"https:\/\/www.jka-shokukai.de\/index.php\/jka-kata-liste\/\" target=\"_blank\" rel=\"noopener\">Hier findet sich die Kata-Liste der JKA.<\/a><\/p>\n<p>Das <em><strong>Kumite Shiai<\/strong><\/em> findet als Shobu Ippon Kumite mit Schutzausr\u00fcstung nach Festlegungen des JKA HQ statt.<br \/>Turniere finden f\u00fcr Kinder und Jugend im Kihon Ippon, Jiyu Ippon und f\u00fcr \u00e4lterene Kids und Jugendliche der Oberstufe im Shobu Ippon Kumite mit vorgeschriebener Schutzausr\u00fcstung des JKA Headquarters statt.<\/p>\n<p><strong>Link zu, Judge Manual &#8211; Tournament rules &amp; regulations for officials:<\/strong><br \/><a href=\"https:\/\/www.jka.or.jp\/wp\/wp-content\/uploads\/2017\/05\/Tournament-Rules-Regulations-201804.pdf\" target=\"_blank\" rel=\"noopener\">https:\/\/www.jka.or.jp\/wp\/wp-content\/uploads\/2017\/05\/Tournament-Rules-Regulations-201804.pdf\u00a0<\/a><\/p>\n<p><img loading=\"lazy\" decoding=\"async\" class=\"wp-image-1686\" src=\"https:\/\/www.jka-shokukai.de\/wp-content\/uploads\/2022\/03\/Judge_manual.png\" alt=\"\" width=\"584\" height=\"439\" \/><\/p>\n<p><span style=\"font-size: 14px;\">JKA Karate Germany &#8211; Wettkampfordnung JKA<\/span><\/p>\n<h2>JKA Shokukai Kampfrichterausbildung<\/h2>\n<p>Die JKA Shokukai Kampfrichterausbildung erfolgt durch Organisation der JKA Bundesstilrichtung,. Die Ausbildung wird angeleitet durch den JKA Shokukai Kampfrichterreferent und den\u00a0 Bundesreferenten und durch von diesem autorisierte Referenten. (Beschluss der Bundesversammlung)<\/p>\n<p>Die JKA Shokukai Kampfrichterausbildung ist stilrichtungsspezifisch und ber\u00fchrt nicht die WKF\/DKV Kampfrichterausbildungen durch die vom Deutschen Karate Verbands eingesetzten Kampfrichter-Referenten und erfolgt unabh\u00e4ngig von diesen.<\/p>\n<p>Die Kampfrichterausbildung in der Bundesstilrichtung JKA Shokukai folgt der Ausbildung zur internationalen Jugde Licence des JKA HQ.<\/p>\n<p>\u00a0<\/p>\n<h2>Lehrvideos des JKA Headqaurters f\u00fcr JKA Kampfrichter:<\/h2>\n<p><a href=\"https:\/\/www.jka.or.jp\/en\/movie\/judge_manual_vol_1_en\/\" target=\"_blank\" rel=\"noopener\">JKA Judge Vol 1 englisch<\/a><\/p>\n<p><a href=\"https:\/\/www.jka.or.jp\/en\/movie\/judge_manual_vol_2_en\/\" target=\"_blank\" rel=\"noopener\">JKA Judge Vol 2 englisch<\/a><\/p>\n<p><a href=\"https:\/\/www.jka.or.jp\/en\/movie\/judge_manual_vol_3_en\/\" target=\"_blank\" rel=\"noopener\">JKA Judge Vol 3 englisch<\/a><\/p>\n<p>\u00a0<\/p>\n\n\n<div class=\"wp-block-columns is-layout-flex wp-container-core-columns-is-layout-9d6595d7 wp-block-columns-is-layout-flex\">\n<div class=\"wp-block-column is-layout-flow wp-block-column-is-layout-flow\">\n<figure class=\"wp-block-image size-large\"><img loading=\"lazy\" decoding=\"async\" width=\"1024\" height=\"1024\" src=\"https:\/\/www.jka-shokukai.de\/wp-content\/uploads\/2026\/03\/JKA-Tobu-Cup-Berlin_01-1024x1024.jpeg\" alt=\"\" class=\"wp-image-2846\" style=\"aspect-ratio:1;object-fit:cover\" srcset=\"https:\/\/www.jka-shokukai.de\/wp-content\/uploads\/2026\/03\/JKA-Tobu-Cup-Berlin_01-1024x1024.jpeg 1024w, https:\/\/www.jka-shokukai.de\/wp-content\/uploads\/2026\/03\/JKA-Tobu-Cup-Berlin_01-300x300.jpeg 300w, https:\/\/www.jka-shokukai.de\/wp-content\/uploads\/2026\/03\/JKA-Tobu-Cup-Berlin_01-150x150.jpeg 150w, https:\/\/www.jka-shokukai.de\/wp-content\/uploads\/2026\/03\/JKA-Tobu-Cup-Berlin_01-768x768.jpeg 768w, https:\/\/www.jka-shokukai.de\/wp-content\/uploads\/2026\/03\/JKA-Tobu-Cup-Berlin_01-1536x1536.jpeg 1536w, https:\/\/www.jka-shokukai.de\/wp-content\/uploads\/2026\/03\/JKA-Tobu-Cup-Berlin_01-2048x2048.jpeg 2048w, https:\/\/www.jka-shokukai.de\/wp-content\/uploads\/2026\/03\/JKA-Tobu-Cup-Berlin_01-710x710.jpeg 710w\" sizes=\"auto, (max-width: 1024px) 100vw, 1024px\" \/><\/figure>\n<\/div>\n\n\n\n<div class=\"wp-block-column is-layout-flow wp-block-column-is-layout-flow\">\n<figure class=\"wp-block-image size-large\"><img loading=\"lazy\" decoding=\"async\" width=\"1024\" height=\"828\" src=\"https:\/\/www.jka-shokukai.de\/wp-content\/uploads\/2026\/03\/JKA-Tobu-Cup-Berlin-02-1024x828.jpeg\" alt=\"\" class=\"wp-image-2847\" style=\"aspect-ratio:1;object-fit:cover\" srcset=\"https:\/\/www.jka-shokukai.de\/wp-content\/uploads\/2026\/03\/JKA-Tobu-Cup-Berlin-02-1024x828.jpeg 1024w, https:\/\/www.jka-shokukai.de\/wp-content\/uploads\/2026\/03\/JKA-Tobu-Cup-Berlin-02-300x242.jpeg 300w, https:\/\/www.jka-shokukai.de\/wp-content\/uploads\/2026\/03\/JKA-Tobu-Cup-Berlin-02-768x621.jpeg 768w, https:\/\/www.jka-shokukai.de\/wp-content\/uploads\/2026\/03\/JKA-Tobu-Cup-Berlin-02-1536x1241.jpeg 1536w, https:\/\/www.jka-shokukai.de\/wp-content\/uploads\/2026\/03\/JKA-Tobu-Cup-Berlin-02-2048x1655.jpeg 2048w, https:\/\/www.jka-shokukai.de\/wp-content\/uploads\/2026\/03\/JKA-Tobu-Cup-Berlin-02-710x574.jpeg 710w\" sizes=\"auto, (max-width: 1024px) 100vw, 1024px\" \/><\/figure>\n<\/div>\n<\/div>\n","protected":false},"excerpt":{"rendered":"<p>JKA Karate Germany &#8211; Taikai Die DKV Bundesstilrichtung JKA Shokukai folgt den Vorgaben des JKA Headquarters und deren Wettkampfregeln auf allen ihren Turnieren in Deutschland. Die Wettkampfordnung im JKA Shokukai entspricht den Festlegungen des JKA Headquarters Tokyo Japan. (Beschluss der Bundesversammlung in Erfurt von 2015) Organisation der Turniere (Taikai) im JKA Shokukai Wettk\u00e4mpfe finden als Kata Shiai und Kumite Shiai statt. Im Kata Shiai <a class=\"read-more\" href=\"https:\/\/www.jka-shokukai.de\/index.php\/jka-kampfrichter-taikai\/\">read more | mehr&#8230;<\/a><\/p>\n","protected":false},"author":5,"featured_media":911,"parent":0,"menu_order":0,"comment_status":"closed","ping_status":"closed","template":"","meta":{"footnotes":""},"class_list":["post-1677","page","type-page","status-publish","has-post-thumbnail","hentry","list-bigimage-post"],"aioseo_notices":[],"_links":{"self":[{"href":"https:\/\/www.jka-shokukai.de\/index.php\/wp-json\/wp\/v2\/pages\/1677","targetHints":{"allow":["GET"]}}],"collection":[{"href":"https:\/\/www.jka-shokukai.de\/index.php\/wp-json\/wp\/v2\/pages"}],"about":[{"href":"https:\/\/www.jka-shokukai.de\/index.php\/wp-json\/wp\/v2\/types\/page"}],"author":[{"embeddable":true,"href":"https:\/\/www.jka-shokukai.de\/index.php\/wp-json\/wp\/v2\/users\/5"}],"replies":[{"embeddable":true,"href":"https:\/\/www.jka-shokukai.de\/index.php\/wp-json\/wp\/v2\/comments?post=1677"}],"version-history":[{"count":17,"href":"https:\/\/www.jka-shokukai.de\/index.php\/wp-json\/wp\/v2\/pages\/1677\/revisions"}],"predecessor-version":[{"id":2848,"href":"https:\/\/www.jka-shokukai.de\/index.php\/wp-json\/wp\/v2\/pages\/1677\/revisions\/2848"}],"wp:featuredmedia":[{"embeddable":true,"href":"https:\/\/www.jka-shokukai.de\/index.php\/wp-json\/wp\/v2\/media\/911"}],"wp:attachment":[{"href":"https:\/\/www.jka-shokukai.de\/index.php\/wp-json\/wp\/v2\/media?parent=1677"}],"curies":[{"name":"wp","href":"https:\/\/api.w.org\/{rel}","templated":true}]}}