{"id":17,"date":"2018-11-10T20:10:02","date_gmt":"2018-11-10T19:10:02","guid":{"rendered":"http:\/\/www.jka-shokukai.de\/?page_id=17"},"modified":"2024-02-10T18:17:47","modified_gmt":"2024-02-10T17:17:47","slug":"jka-karate","status":"publish","type":"page","link":"https:\/\/www.jka-shokukai.de\/index.php\/jka-karate\/","title":{"rendered":"JKA Karate"},"content":{"rendered":"<figure id=\"attachment_820\" aria-describedby=\"caption-attachment-820\" style=\"width: 1720px\" class=\"wp-caption aligncenter\"><img loading=\"lazy\" decoding=\"async\" class=\"wp-image-820 size-full\" src=\"https:\/\/www.jka-shokukai.de\/wp-content\/uploads\/2019\/07\/JKA_SHOKUKAI_Kamiza.png\" alt=\"JKA Karate\" width=\"1720\" height=\"832\" \/><figcaption id=\"caption-attachment-820\" class=\"wp-caption-text\"><span style=\"color: #808080;\">JKA Karate &#8211; JKA Headquarters Tokyo, Kamiza \u4e0a\u5ea7<\/span><\/figcaption><\/figure>\n<h1>Japan Karate Association &#8211; JKA Karate<\/h1>\n<p>Die Wurzeln des JKA Karate geht auf Funakoshi Gichin brachte die Kunst des Karate-Jutsu nach Japan. Um 1949 gr\u00fcndeten seine Anh\u00e4nger eine Organisation, die sich die Verbreitung des Karate zum Ziel gesetzt hatte. Diese Organisation wurde Nihon Karate Kyokai (Japan Karate Association, JKA) benannt. Sensei Funakoshi\u00a0 wurde der erste Cheftrainer (Shuseki Shihan) der JKA. Ihm folgte 1957 Nakayama Sensei als Shuseki Shihan. Unter der Leitung von Nakayama Sensei verbreitete sich JKA Karate in der ganzen Welt. Unter ihm sandte die JKA ihre Ausbilder in viele L\u00e4nder, um JKA Karate zu lehren. Am 15.April 1987 starb Sensei Nakayama. 1992 wurde Sugiura Sensei Chief-Shihan. Die St\u00e4rke der JKA war und ist ihre Methode der Unterrichtung. Jeder JKA-Instructor muss ein spezielles Instructor Trainingsprogramm (Kenshusei) abschlie\u00dfen.\u00a0 Aus ihm gingen die besten Athleten und Trainer der Welt des Karate hervor. Seit 2010 ist Ueki Shihan Chief-Instructor der JKA.<\/p>\n<figure id=\"attachment_746\" aria-describedby=\"caption-attachment-746\" style=\"width: 1720px\" class=\"wp-caption alignnone\"><img loading=\"lazy\" decoding=\"async\" class=\"wp-image-746 size-full\" src=\"https:\/\/www.jka-shokukai.de\/wp-content\/uploads\/2019\/06\/JKAKarateKyokai_Ueki_Shihan.png\" alt=\"JKA Karate\" width=\"1720\" height=\"832\" \/><figcaption id=\"caption-attachment-746\" class=\"wp-caption-text\"><span style=\"color: #808080;\">JKA Karate &#8211; Ueki JKA Shuseki Shihan (Chief Insructor)<\/span><\/figcaption><\/figure>\n<h3>JKA Headquarters &#8211; Training in Japan<\/h3>\n<p>Die Trainer der <a href=\"https:\/\/www.jka-shokukai.de\/index.php\/205-2\/\">JKA Shokukai<\/a> haben sich zum Ziel gesetzt den Idealen des <a href=\"https:\/\/www.jka.or.jp\/\" target=\"_blank\" rel=\"noopener\">JKA Headquarters<\/a> zu folgen und regelm\u00e4\u00dfig bei JKA HQ Instructors zu trainieren.<br \/>\nDazu f\u00e4hrt jedes Jahr eine Delegation zum Spring und Autumn Join Camp der JKA nach Tokyo Japan, um an der Quelle des Karate zu lernen und sich weiter zu bilden.<\/p>\n<figure id=\"attachment_937\" aria-describedby=\"caption-attachment-937\" style=\"width: 882px\" class=\"wp-caption alignnone\"><img loading=\"lazy\" decoding=\"async\" class=\"wp-image-937 size-full\" src=\"https:\/\/www.jka-shokukai.de\/wp-content\/uploads\/2019\/07\/JKA_HQ_2016.jpg\" alt=\"JKA Karate \" width=\"882\" height=\"258\" \/><figcaption id=\"caption-attachment-937\" class=\"wp-caption-text\"><span style=\"color: #808080;\">JKA Karate &#8211; JKA Sohonbu Dojo, Spring Camp der JKA 2018<\/span><\/figcaption><\/figure>\n<figure id=\"attachment_938\" aria-describedby=\"caption-attachment-938\" style=\"width: 1080px\" class=\"wp-caption alignnone\"><img loading=\"lazy\" decoding=\"async\" class=\"wp-image-938 size-full\" src=\"https:\/\/www.jka-shokukai.de\/wp-content\/uploads\/2019\/07\/JKA-Autumn_Camp_2018.jpg\" alt=\"JKA Karate \" width=\"1080\" height=\"1080\" \/><figcaption id=\"caption-attachment-938\" class=\"wp-caption-text\"><span style=\"color: #808080;\">JKA Karate &#8211; international JKA Autumn Camp Tokyo 2019<\/span><\/figcaption><\/figure>\n<h3>Idee des JKA Karate<\/h3>\n<figure id=\"attachment_223\" aria-describedby=\"caption-attachment-223\" style=\"width: 320px\" class=\"wp-caption alignleft\"><img loading=\"lazy\" decoding=\"async\" class=\"wp-image-223 size-full\" src=\"https:\/\/www.jka-shokukai.de\/wp-content\/uploads\/2018\/12\/tradition_karatedo.jpg\" alt=\"JKA Karate \" width=\"320\" height=\"177\" \/><figcaption id=\"caption-attachment-223\" class=\"wp-caption-text\"><span style=\"color: #808080;\">Kawasoe Sensei<\/span><\/figcaption><\/figure>\n<p>Oberstes Ziel des Karate-do ist die Entwicklung des Charakters, dass jedes physische und psychische Hindernis des t\u00e4glichen Lebens \u00fcberwunden werden kann. Nicht der Sieg noch die Niederlage im Kampf stehen dabei im Vordergrund. Geist und K\u00f6rper sollen in ihrer Mitte ruhen, das t\u00e4gliche Trainings tr\u00e4gt dazu bei den Charakter zu st\u00e4rken und den K\u00f6rper zu kr\u00e4ftigen. <strong>Das Training der Grundtechniken ist der Schl\u00fcssel f\u00fcr ein gutes Karate.<\/strong><\/p>\n<p><img loading=\"lazy\" decoding=\"async\" class=\"alignnone wp-image-948 size-full\" src=\"https:\/\/www.jka-shokukai.de\/wp-content\/uploads\/2019\/07\/JKA_Shokukai_Shinjinichinyo.png\" alt=\"\" width=\"1720\" height=\"832\" \/><\/p>\n<p>Mori Masataka Sensei JKA NY (\u68ee\u6b63\u9686\u5148 1932 &#8211; 2018) &#8222;Shin jin ichi nyo&#8220; &#8211; &#8222;Body and mind as one&#8220;<br \/>\nDiese Ausspruch von Mori Sensei bezieht sich auf die Maxime der JKA: Es geht nicht um Sieg oder Niederlage, strebe nach Vervollkommnung des Charakters. K\u00f6rper und Geist m\u00fcssen dazu eine Einheit bilden.<\/p>\n<h3>Drei S\u00e4ulen<\/h3>\n<p>Karate fu\u00dft auf drei untrennbaren S\u00e4ulen. Kihon (\u00dcbungen der Grundtechniken), Kata (traditionelle Bewegungsabl\u00e4ufe ohne Partner), Kumite (Kampf\u00fcbungen mit Partner).<\/p>\n<h3><img loading=\"lazy\" decoding=\"async\" class=\"alignnone wp-image-172 size-full\" src=\"https:\/\/www.jka-shokukai.de\/wp-content\/uploads\/2018\/11\/JKA_LOGO-1.png\" alt=\"JKA Karate\" width=\"1920\" height=\"737\" \/><\/h3>\n<h3>JKA Karate &#8211; Japan Karate Association<\/h3>\n<p>Die JKA hat den Gedanken des Budo im Karatedo seit ihrer Gr\u00fcndung 1948 konsequent gef\u00f6rdert und verbreitet. Ihre Gr\u00f6\u00dfe erlangte die JKA durch die Ausbildung spezialisierter Trainer, der Qualifizierung auf Grundlage eigens erstellter Lehrpl\u00e4ne basierten. Die JKA rief die &#8222;Instructors class&#8220; ins Leben. Somit hatte die JKA eine solide Grundlage f\u00fcr die Ausbildung und Technik des Karatedo geschaffen.<\/p>\n<p><img loading=\"lazy\" decoding=\"async\" class=\"alignnone wp-image-940 size-full\" src=\"https:\/\/www.jka-shokukai.de\/wp-content\/uploads\/2019\/07\/JKA_Shokukai_JKA-Sohonbu-Instructors.png\" alt=\"JKA Karate\" width=\"1720\" height=\"832\" \/><\/p>\n<p>Die Erziehungsphilosophie des Budo, die eigene Pers\u00f6nlichkeit und den Charakter durch t\u00e4gliches hartes Training zu entwickeln, steht beim Training des JKA Karate an oberster Stelle.<\/p>\n<p>Die Japan Karate Association verf\u00fcgt \u00fcber das beste Technik- und Instruktionssystem. Es gibt rund 30 spezialisierte JKA-Ausbilder des JKA-Headquarters, die sowohl japanische als auch ausl\u00e4ndische Praktizierende aus aller Welt unterrichten. JKA Instructor-, Kampfrichter- und Pr\u00fcferlizenzen werden zentral vom JKA Headquarters in Tokyo vergeben, diese Pr\u00fcfungen sind standardisiert und werden durch speziell autorisierte JKA-HQ Ausbilder abgenommen.<\/p>\n<p style=\"text-align: center;\"><a href=\"https:\/\/www.jka.or.jp\/\" target=\"_blank\" rel=\"noopener noreferrer\">JKA Headquarters &#8211; JKA Sohonbu Dojo Bunkyo Tokyo<\/a><a href=\"https:\/\/www.jka.or.jp\/\" target=\"_blank\" rel=\"noopener noreferrer\"><img loading=\"lazy\" decoding=\"async\" class=\"aligncenter wp-image-858 size-full\" src=\"https:\/\/www.jka-shokukai.de\/wp-content\/uploads\/2019\/07\/LOGO_JKA.png\" alt=\"JKA Karate\" width=\"255\" height=\"138\" \/><\/a><\/p>\n","protected":false},"excerpt":{"rendered":"<p>Japan Karate Association &#8211; JKA Karate Die Wurzeln des JKA Karate geht auf Funakoshi Gichin brachte die Kunst des Karate-Jutsu nach Japan. Um 1949 gr\u00fcndeten seine Anh\u00e4nger eine Organisation, die sich die Verbreitung des Karate zum Ziel gesetzt hatte. Diese Organisation wurde Nihon Karate Kyokai (Japan Karate Association, JKA) benannt. Sensei Funakoshi\u00a0 wurde der erste Cheftrainer (Shuseki Shihan) der JKA. Ihm folgte 1957 Nakayama <a class=\"read-more\" href=\"https:\/\/www.jka-shokukai.de\/index.php\/jka-karate\/\">read more | mehr&#8230;<\/a><\/p>\n","protected":false},"author":5,"featured_media":174,"parent":0,"menu_order":0,"comment_status":"closed","ping_status":"closed","template":"","meta":{"footnotes":""},"class_list":["post-17","page","type-page","status-publish","has-post-thumbnail","hentry","list-bigimage-post"],"aioseo_notices":[],"_links":{"self":[{"href":"https:\/\/www.jka-shokukai.de\/index.php\/wp-json\/wp\/v2\/pages\/17","targetHints":{"allow":["GET"]}}],"collection":[{"href":"https:\/\/www.jka-shokukai.de\/index.php\/wp-json\/wp\/v2\/pages"}],"about":[{"href":"https:\/\/www.jka-shokukai.de\/index.php\/wp-json\/wp\/v2\/types\/page"}],"author":[{"embeddable":true,"href":"https:\/\/www.jka-shokukai.de\/index.php\/wp-json\/wp\/v2\/users\/5"}],"replies":[{"embeddable":true,"href":"https:\/\/www.jka-shokukai.de\/index.php\/wp-json\/wp\/v2\/comments?post=17"}],"version-history":[{"count":47,"href":"https:\/\/www.jka-shokukai.de\/index.php\/wp-json\/wp\/v2\/pages\/17\/revisions"}],"predecessor-version":[{"id":2391,"href":"https:\/\/www.jka-shokukai.de\/index.php\/wp-json\/wp\/v2\/pages\/17\/revisions\/2391"}],"wp:featuredmedia":[{"embeddable":true,"href":"https:\/\/www.jka-shokukai.de\/index.php\/wp-json\/wp\/v2\/media\/174"}],"wp:attachment":[{"href":"https:\/\/www.jka-shokukai.de\/index.php\/wp-json\/wp\/v2\/media?parent=17"}],"curies":[{"name":"wp","href":"https:\/\/api.w.org\/{rel}","templated":true}]}}