{"id":205,"date":"2018-12-06T20:31:09","date_gmt":"2018-12-06T19:31:09","guid":{"rendered":"http:\/\/www.jka-shokukai.de\/?page_id=205"},"modified":"2024-08-09T14:15:55","modified_gmt":"2024-08-09T12:15:55","slug":"jka-karate-jka-shokukai","status":"publish","type":"page","link":"https:\/\/www.jka-shokukai.de\/index.php\/jka-karate-jka-shokukai\/","title":{"rendered":"JKA Shokukai"},"content":{"rendered":"<figure id=\"attachment_817\" aria-describedby=\"caption-attachment-817\" style=\"width: 1720px\" class=\"wp-caption alignnone\"><img loading=\"lazy\" decoding=\"async\" class=\"wp-image-817 size-full\" src=\"https:\/\/www.jka-shokukai.de\/wp-content\/uploads\/2019\/07\/JKA_SHOKUKAI_Gasshuku_03.png\" alt=\"JKA Karate\" width=\"1720\" height=\"832\" \/><figcaption id=\"caption-attachment-817\" class=\"wp-caption-text\"><span style=\"color: #666699;\">JKA Karate &#8211; JKA Headquarters, Spring Camp Tokyo 2009<\/span><\/figcaption><\/figure>\n<h2>JKA SHOKUKAI &#8211; JKA Karate German Karate Federation<\/h2>\n<p>JKA Shotokan Karate Kyokai (JKA SHO KU KAI \u65e5\u672c\u7a7a\u624b\u5354\u4f1a\u677e\u7a7a\u4f1a) ist die zweite Vertretung der <a href=\"https:\/\/www.jka.or.jp\" target=\"_blank\" rel=\"noopener noreferrer\">Japan Karate Assiociation<\/a> in Deutschland. Sie bildet eine eigene Bundesstilrichtung f\u00fcr JKA Karate im <a href=\"https:\/\/www.karate.de\/\" target=\"_blank\" rel=\"noopener\">Deutschen Karate Verband e.V.\u00a0<\/a> (DKV) und ist \u00fcber die Landesverb\u00e4nde des DKV in vielen Bundesl\u00e4ndern in Deutschland vertreten. Der DKV ist der staatlich anerkannte Fachverband f\u00fcr Karate und Mitglied des Deutschen Olympischen Sportbundes.<\/p>\n<p><img loading=\"lazy\" decoding=\"async\" class=\"wp-image-845 aligncenter\" src=\"https:\/\/www.jka-shokukai.de\/wp-content\/uploads\/2019\/07\/Logo_JKA_SHOKUKAI.png\" alt=\"\" width=\"417\" height=\"188\" \/><\/p>\n<h2 class=\"title\"><span class=\"notranslate\">Zweck des JKA Shokukai<\/span><\/h2>\n<p><span class=\"notranslate\"><strong>JKA SHOKUKAI<\/strong> hat das Ziel, die Zusammenarbeit zwischen den Vereinen, die <a href=\"https:\/\/www.jka-shokukai.de\/index.php\/about-jka\/\">JKA<\/a> Shotokan-Karate-Do durchf\u00fchren, zu leiten und auszubauen. <\/span><span class=\"notranslate\">Dar\u00fcber hinaus tr\u00e4gt JKA Shokukai\u00a0dazu bei, die Tradition in dem von Gichin Funakoshi gegr\u00fcndeten und in der JKA World Federation ausge\u00fcbten Karate zu vereinheitlichen, aufrechtzuerhalten und zu verbreiten.<\/span> <span class=\"notranslate\">Wir pflegt die Kontakte zu JKA Karate Vereinen und zum JKA Headquarters. Das JKA Headquarters gibt Richtlinien und Vorgaben, nach denen die Mitglieder der JKA Shokukai handeln und trainieren. Die Standards der JKA sind hoch und bedeuteten ein gut organisiertes Training, das \u00fcber Jahre strukturell gut ausgerichtet sein muss. Unser Anliegen ist es, zusammen mit unseren Instructors und Mitgliedern dieses hohe Ziel anzustreben und in das t\u00e4glichen Training in die Vereine zu \u00fcbertragen.<\/span><\/p>\n<p>Unsere Haupttrainer bilden sich unaufh\u00f6rlich bei Seminaren mit JKA Headquarters Instructors weiter. Wir organisieren regelm\u00e4\u00dfig die Teilnahme unserer lizensierten JKA Instructors am JKA Headquarters Spring Camp und Autumn Camp in Tokyo, Japan und senden unseren Trainernachwuchs zu internationalen JKA Lizenzpr\u00fcfungen und Weiterbildungen.<\/p>\n<p><img loading=\"lazy\" decoding=\"async\" class=\"alignnone size-full wp-image-9\" src=\"https:\/\/www.jka-shokukai.de\/wp-content\/uploads\/2018\/11\/JKWF-Germany-1.jpg\" alt=\"\" width=\"1920\" height=\"600\" \/><\/p>\n<p><span class=\"notranslate\">JKA Shokukai bildet Trainer, Kampfrichter, Pr\u00fcfer und Athleten aus, die durch das <a href=\"https:\/\/www.jka.or.jp\/en\/about-jka\/qualification\/\" target=\"_blank\" rel=\"noopener\">JKA Headquarters graduiert und zertifiziert werden<\/a>. Zus\u00e4tzlich legen Trainer und Pr\u00fcfer im JKA Shokukai ihre Lizenzen im DKV ab.<\/span><\/p>\n<p>&nbsp;<\/p>\n<p>&nbsp;<\/p>\n<p>&nbsp;<\/p>\n<figure id=\"attachment_2204\" aria-describedby=\"caption-attachment-2204\" style=\"width: 720px\" class=\"wp-caption aligncenter\"><img loading=\"lazy\" decoding=\"async\" class=\"wp-image-2204 size-full\" src=\"https:\/\/www.jka-shokukai.de\/wp-content\/uploads\/2023\/09\/Ueki_Shihan_Claudiu-Dinu.jpeg\" alt=\"JKA Karate Ueki Shihan\" width=\"720\" height=\"508\" srcset=\"https:\/\/www.jka-shokukai.de\/wp-content\/uploads\/2023\/09\/Ueki_Shihan_Claudiu-Dinu.jpeg 720w, https:\/\/www.jka-shokukai.de\/wp-content\/uploads\/2023\/09\/Ueki_Shihan_Claudiu-Dinu-300x212.jpeg 300w, https:\/\/www.jka-shokukai.de\/wp-content\/uploads\/2023\/09\/Ueki_Shihan_Claudiu-Dinu-100x70.jpeg 100w, https:\/\/www.jka-shokukai.de\/wp-content\/uploads\/2023\/09\/Ueki_Shihan_Claudiu-Dinu-710x501.jpeg 710w\" sizes=\"auto, (max-width: 720px) 100vw, 720px\" \/><figcaption id=\"caption-attachment-2204\" class=\"wp-caption-text\"><span style=\"color: #999999;\">Ueki Shihan (Chiefinstructor JKA) und Claudiu Dinu (Bundesstilrichtungsreferent JKA Shokukai im Deutschen Karate Verband); Tokyo, Japan auf dem Spring Joint Camp des JKA Headquarters (\u6625\u5b63\u56fd\u5185\u5916\u5168\u56fd\u5408\u540c\u5408\u5bbf, shunki kokunaigai zenkoku g\u014dd\u014d gasshuku)<\/span><\/figcaption><\/figure>\n<figure id=\"attachment_2414\" aria-describedby=\"caption-attachment-2414\" style=\"width: 716px\" class=\"wp-caption aligncenter\"><img loading=\"lazy\" decoding=\"async\" class=\"wp-image-2414 \" src=\"https:\/\/www.jka-shokukai.de\/wp-content\/uploads\/2024\/04\/JKA_Karate_Ueki-Shihan-Oishi-Shihan_Schinck_Stein-1024x796.jpeg\" alt=\"\" width=\"716\" height=\"556\" srcset=\"https:\/\/www.jka-shokukai.de\/wp-content\/uploads\/2024\/04\/JKA_Karate_Ueki-Shihan-Oishi-Shihan_Schinck_Stein-1024x796.jpeg 1024w, https:\/\/www.jka-shokukai.de\/wp-content\/uploads\/2024\/04\/JKA_Karate_Ueki-Shihan-Oishi-Shihan_Schinck_Stein-300x233.jpeg 300w, https:\/\/www.jka-shokukai.de\/wp-content\/uploads\/2024\/04\/JKA_Karate_Ueki-Shihan-Oishi-Shihan_Schinck_Stein-768x597.jpeg 768w, https:\/\/www.jka-shokukai.de\/wp-content\/uploads\/2024\/04\/JKA_Karate_Ueki-Shihan-Oishi-Shihan_Schinck_Stein-1536x1195.jpeg 1536w, https:\/\/www.jka-shokukai.de\/wp-content\/uploads\/2024\/04\/JKA_Karate_Ueki-Shihan-Oishi-Shihan_Schinck_Stein-2048x1593.jpeg 2048w, https:\/\/www.jka-shokukai.de\/wp-content\/uploads\/2024\/04\/JKA_Karate_Ueki-Shihan-Oishi-Shihan_Schinck_Stein-710x552.jpeg 710w\" sizes=\"auto, (max-width: 716px) 100vw, 716px\" \/><figcaption id=\"caption-attachment-2414\" class=\"wp-caption-text\"><span style=\"color: #999999;\">Ueki Shuseki Shihan JKA Chiefinstructor und Oishi Shihan JKA Assistant Chief Instructor auf dem Autumn Joint Camp der JKA in Tokyo, Japan (\u79cb\u5b63\u56fd\u5185\u5916\u5168\u56fd\u5408\u540c\u5408\u5bbf, Sh\u016bki kokunaigai zenkoku g\u014dd\u014d) mit stell. Bundesstilrichtungsreferenten JKA Shokukai &amp; Kampfrichterreferenten R. Schinck und stell. Landesstilrichtingsreferenten Berlin C. Stein<\/span><\/figcaption><\/figure>\n<figure id=\"attachment_2330\" aria-describedby=\"caption-attachment-2330\" style=\"width: 2560px\" class=\"wp-caption alignnone\"><img loading=\"lazy\" decoding=\"async\" class=\"wp-image-2330 size-full\" src=\"https:\/\/www.jka-shokukai.de\/wp-content\/uploads\/2024\/01\/IMG_0685-scaled.jpeg\" alt=\"JKA Karate - JKA Headquarters\" width=\"2560\" height=\"1920\" srcset=\"https:\/\/www.jka-shokukai.de\/wp-content\/uploads\/2024\/01\/IMG_0685-scaled.jpeg 2560w, https:\/\/www.jka-shokukai.de\/wp-content\/uploads\/2024\/01\/IMG_0685-300x225.jpeg 300w, https:\/\/www.jka-shokukai.de\/wp-content\/uploads\/2024\/01\/IMG_0685-1024x768.jpeg 1024w, https:\/\/www.jka-shokukai.de\/wp-content\/uploads\/2024\/01\/IMG_0685-768x576.jpeg 768w, https:\/\/www.jka-shokukai.de\/wp-content\/uploads\/2024\/01\/IMG_0685-1536x1152.jpeg 1536w, https:\/\/www.jka-shokukai.de\/wp-content\/uploads\/2024\/01\/IMG_0685-2048x1536.jpeg 2048w, https:\/\/www.jka-shokukai.de\/wp-content\/uploads\/2024\/01\/IMG_0685-710x533.jpeg 710w\" sizes=\"auto, (max-width: 2560px) 100vw, 2560px\" \/><figcaption id=\"caption-attachment-2330\" class=\"wp-caption-text\"><span style=\"color: #999999;\">Deutsche Delegation (v.l.n.r. Kirchner, Schinck, Stein, Kliem, Dinu) unter Leitung von Claudiu Dinu 2007 Tokyo, Japan auf dem Spring Joint Camp des JKA Headquarters<\/span><\/figcaption><\/figure>\n<p><strong>Bundesstilrichtung JKA im DKV<\/strong><br \/>\nJKA <span class=\"notranslate\">Shokukai<\/span> bildet die Bundesstilrichtung JKA im Deutschen Karate Verband e.V. (DKV) und ist die secound branch der Japan Karate Association (JKA) in Germany.<\/p>\n<p><a href=\"https:\/\/www.jka.or.jp\" target=\"_blank\" rel=\"noopener noreferrer\">https:\/\/www.jka.or.jp<\/a><br \/>\n<a href=\"https:\/\/www.karate.de\" target=\"_blank\" rel=\"noopener noreferrer\">https:\/\/www.karate.de<\/a><br \/>\n<a href=\"https:\/\/www.dosb.de\" target=\"_blank\" rel=\"noopener noreferrer\">https:\/\/www.dosb.de<\/a><\/p>\n<p>&nbsp;<\/p>\n<p><img loading=\"lazy\" decoding=\"async\" class=\"alignnone size-full wp-image-202\" src=\"https:\/\/www.jka-shokukai.de\/wp-content\/uploads\/2017\/01\/dkv-logo.png\" alt=\"\" width=\"150\" height=\"137\" \/> <img loading=\"lazy\" decoding=\"async\" class=\"alignnone wp-image-845\" src=\"https:\/\/www.jka-shokukai.de\/wp-content\/uploads\/2019\/07\/Logo_JKA_SHOKUKAI.png\" alt=\"JKA Karate - JKA Shokukai Logo\" width=\"227\" height=\"136\" \/><\/p>\n<p>&nbsp;<\/p>\n<hr \/>\n<h3>Zertifikat als durch das JKA HQ autorisierte Organisation in Deutschland<\/h3>\n<p><img loading=\"lazy\" decoding=\"async\" class=\"size-full wp-image-1301 aligncenter\" src=\"https:\/\/www.jka-shokukai.de\/wp-content\/uploads\/2020\/05\/JKA-Zertifikat.jpg\" alt=\"\" width=\"651\" height=\"798\" \/><\/p>\n","protected":false},"excerpt":{"rendered":"<p>JKA SHOKUKAI &#8211; JKA Karate German Karate Federation JKA Shotokan Karate Kyokai (JKA SHO KU KAI \u65e5\u672c\u7a7a\u624b\u5354\u4f1a\u677e\u7a7a\u4f1a) ist die zweite Vertretung der Japan Karate Assiociation in Deutschland. Sie bildet eine eigene Bundesstilrichtung f\u00fcr JKA Karate im Deutschen Karate Verband e.V.\u00a0 (DKV) und ist \u00fcber die Landesverb\u00e4nde des DKV in vielen Bundesl\u00e4ndern in Deutschland vertreten. Der DKV ist der staatlich anerkannte Fachverband f\u00fcr Karate und <a class=\"read-more\" href=\"https:\/\/www.jka-shokukai.de\/index.php\/jka-karate-jka-shokukai\/\">read more | mehr&#8230;<\/a><\/p>\n","protected":false},"author":5,"featured_media":0,"parent":0,"menu_order":0,"comment_status":"closed","ping_status":"closed","template":"","meta":{"footnotes":""},"class_list":["post-205","page","type-page","status-publish","hentry","list-bigimage-post"],"aioseo_notices":[],"_links":{"self":[{"href":"https:\/\/www.jka-shokukai.de\/index.php\/wp-json\/wp\/v2\/pages\/205","targetHints":{"allow":["GET"]}}],"collection":[{"href":"https:\/\/www.jka-shokukai.de\/index.php\/wp-json\/wp\/v2\/pages"}],"about":[{"href":"https:\/\/www.jka-shokukai.de\/index.php\/wp-json\/wp\/v2\/types\/page"}],"author":[{"embeddable":true,"href":"https:\/\/www.jka-shokukai.de\/index.php\/wp-json\/wp\/v2\/users\/5"}],"replies":[{"embeddable":true,"href":"https:\/\/www.jka-shokukai.de\/index.php\/wp-json\/wp\/v2\/comments?post=205"}],"version-history":[{"count":48,"href":"https:\/\/www.jka-shokukai.de\/index.php\/wp-json\/wp\/v2\/pages\/205\/revisions"}],"predecessor-version":[{"id":2499,"href":"https:\/\/www.jka-shokukai.de\/index.php\/wp-json\/wp\/v2\/pages\/205\/revisions\/2499"}],"wp:attachment":[{"href":"https:\/\/www.jka-shokukai.de\/index.php\/wp-json\/wp\/v2\/media?parent=205"}],"curies":[{"name":"wp","href":"https:\/\/api.w.org\/{rel}","templated":true}]}}