{"id":2154,"date":"2023-08-05T15:42:10","date_gmt":"2023-08-05T13:42:10","guid":{"rendered":"https:\/\/www.jka-shokukai.de\/?page_id=2154"},"modified":"2024-08-28T19:42:33","modified_gmt":"2024-08-28T17:42:33","slug":"ordnungen","status":"publish","type":"page","link":"https:\/\/www.jka-shokukai.de\/index.php\/ordnungen\/","title":{"rendered":"Ordnungen"},"content":{"rendered":"<div id=\"pl-2154\"  class=\"panel-layout\" ><div id=\"pg-2154-0\"  class=\"panel-grid panel-has-style\" ><div style=\"padding-top: 30px; padding-bottom: 30px; \" class=\"panel-row-style panel-row-style-for-2154-0\" ><div id=\"pgc-2154-0-0\"  class=\"panel-grid-cell\" ><div id=\"panel-2154-0-0-0\" class=\"so-panel widget widget_siteorigin-panels-builder panel-first-child panel-last-child\" data-index=\"0\" ><div id=\"pl-w66cf61899503c\"  class=\"panel-layout\" ><div id=\"pg-w66cf61899503c-0\"  class=\"panel-grid panel-has-style\" ><div class=\"siteorigin-panels-stretch panel-row-style panel-row-style-for-w66cf61899503c-0\" style=\"padding-top: 30px; padding-bottom: 30px; \" data-stretch-type=\"full\" ><div id=\"pgc-w66cf61899503c-0-0\"  class=\"panel-grid-cell\" ><div id=\"panel-w66cf61899503c-0-0-0\" class=\"so-panel widget widget_sow-features panel-first-child panel-last-child\" data-index=\"0\" ><div\n\t\t\t\n\t\t\tclass=\"so-widget-sow-features so-widget-sow-features-default-1efd59ab7f83\"\n\t\t\t\n\t\t><ul\n\tclass=\"sow-features-list\n\tsow-features-responsive\">\n\n\t\t\t<li\n\t\t\tclass=\"sow-features-feature sow-icon-container-position-top\"\n\t\t\tstyle=\"display: flex; flex-direction: column; width: calc(50% - 0px);\"\n\t\t>\n\t\t\t\n\t\t\t\t\t\t<div\t\t\t\tclass=\"sow-icon-container sow-container-none\"\n\t\t\t\tstyle=\"color: ; \"\n\t\t\t\t\n\t\t\t\t\t\t\t>\n\t\t\t\t<span class=\"sow-icon-elegantline\" data-sow-icon=\"&#xe056;\"\n\t\tstyle=\"font-size: 48px; color: #2d2d2d\" \n\t\taria-hidden=\"true\"><\/span>\t\t\t<\/div>\n\n\t\t\t<div class=\"textwidget\">\n\t\t\t\t\n\t\t\t\t\t\t\t\t\t<h5 class=\"sow-features-feature-title\">\n\t\t\t\t\t\tPr\u00fcfungsordnung \t\t\t\t\t<\/h5>\n\t\t\t\t\n\t\t\t\t\t\t\t\t\t<div class=\"sow-features-feature-text\">\n\t\t\t\t\t<p>Bitte sehen Sie sich auch den folgenden Link auf die Homepage der Japan Karate Association an (Link auf japanische Website)<br \/>\nDiese Ordnung im Link gilt als aktuelle Pr\u00fcfungsordnung!<\/p>\n<p>Bitte beachten Sie, dass alle \u00fcbergeordneten Ordnungen des DKV und der JKA f\u00fcr die Bundesstilrichtung Geltung haben.<\/p>\n<p><a href=\"https:\/\/www.jka.or.jp\/wp\/wp-content\/uploads\/2022\/03\/f421fec70fb6a7004d4e58a7cf567bb9.pdf\" target=\"_blank\" rel=\"noopener\">JKA Pr\u00fcfungsordnung<\/a><br \/>\n(Link auf japanische Website)<\/p>\n<div class=\"page\" title=\"Page 7\">\n<div class=\"layoutArea\">\n<div class=\"column\">\n<p>Effective from 1st April, 2022<\/p>\n<\/div>\n<\/div>\n<\/div>\n\t\t\t\t\t<\/div>\n\t\t\t\t\t\t\t\t<\/div>\n\t\t\t\t\t\t\t\t<\/li>\n\n\t\t\t<li\n\t\t\tclass=\"sow-features-feature sow-icon-container-position-top\"\n\t\t\tstyle=\"display: flex; flex-direction: column; width: calc(50% - 0px);\"\n\t\t>\n\t\t\t\n\t\t\t\t\t\t<div\t\t\t\tclass=\"sow-icon-container sow-container-none\"\n\t\t\t\tstyle=\"color: ; \"\n\t\t\t\t\n\t\t\t\t\t\t\t>\n\t\t\t\t<span class=\"sow-icon-elegantline\" data-sow-icon=\"&#xe056;\"\n\t\tstyle=\"font-size: 48px; color: #2d2d2d\" \n\t\taria-hidden=\"true\"><\/span>\t\t\t<\/div>\n\n\t\t\t<div class=\"textwidget\">\n\t\t\t\t\n\t\t\t\t\t\t\t\t\t<h5 class=\"sow-features-feature-title\">\n\t\t\t\t\t\tLizenzordnung &amp; Zulassungsordnung\t\t\t\t\t<\/h5>\n\t\t\t\t\n\t\t\t\t\t\t\t\t\t<div class=\"sow-features-feature-text\">\n\t\t\t\t\t<p>Hier finden Sie die aktuelle Lizenzordnung &amp; Zulassungsordnung JKA Shokukai<br \/>\nDiese Ordnung regelt die Zulassung zu Pr\u00fcfungen und Qualifikationen in der DKV Bundesstilrichtung JKA Shokukai.<\/p>\n<p>Bitte beachten Sie, dass alle \u00fcbergeordneten Ordnungen des DKV und der JKA f\u00fcr die Bundesstilrichtung Geltung haben.<\/p>\n<p><a href=\"https:\/\/www.jka-shokukai.de\/wp-content\/uploads\/2023\/08\/jka_shokukai_lizenzordnung_230717_160948.pdf\" target=\"_blank\" rel=\"noopener\">jka_shokukai_lizenzordnung_230717_160948<\/a><\/p>\n<p>G\u00fcltig ab 2017<\/p>\n\t\t\t\t\t<\/div>\n\t\t\t\t\t\t\t\t<\/div>\n\t\t\t\t\t\t\t\t<\/li>\n\n\t\t\t<li\n\t\t\tclass=\"sow-features-feature sow-icon-container-position-top\"\n\t\t\tstyle=\"display: flex; flex-direction: column; width: calc(50% - 0px);\"\n\t\t>\n\t\t\t\n\t\t\t\t\t\t<div\t\t\t\tclass=\"sow-icon-container sow-container-none\"\n\t\t\t\tstyle=\"color: #404040; \"\n\t\t\t\t\n\t\t\t\t\t\t\t>\n\t\t\t\t<span class=\"sow-icon-elegantline\" data-sow-icon=\"&#xe056;\"\n\t\tstyle=\"font-size: 48px; color: #000000\" \n\t\taria-hidden=\"true\"><\/span>\t\t\t<\/div>\n\n\t\t\t<div class=\"textwidget\">\n\t\t\t\t\n\t\t\t\t\t\t\t\t\t<h5 class=\"sow-features-feature-title\">\n\t\t\t\t\t\tJKA Licence - internationale JKA Lizenzen\t\t\t\t\t<\/h5>\n\t\t\t\t\n\t\t\t\t\t\t\t\t\t<div class=\"sow-features-feature-text\">\n\t\t\t\t\t<p>F\u00fcr die Teilnahme an internationalen Lizenzpr\u00fcfungen der JKA bedarf es einer Bescheinigung des Bundesstilrichtungsreferenten und die offizielle Anmeldung \u00fcber die JKA Branche, JKA Shokukai beim JKA Headquarters. Alle unsere Dojo- und Vereinsleiter sind angehalten JKA Lizenzen abzulegen. Eigenm\u00e4chtige Anmeldungen sind vom JKA Headquarters jedoch strikt untersagt. Anmeldungen darf nur der Branche Chief oder von ihm beauftragte Personen vornehmen.<\/p>\n<p>Folgende Lizenzen gibt es in der JKA:<\/p>\n<ul>\n<li>JKA Instructor<\/li>\n<li>JKA Jugde<\/li>\n<li>JKA Examiner<\/li>\n<\/ul>\n<p>Allgemeine Bestimmungen der JKA HQ Webiste: <a title=\"https:\/\/www.jka.or.jp\/en\/about-jka\/qualification\/\" href=\"https:\/\/www.jka.or.jp\/en\/about-jka\/qualification\/\" target=\"_blank\" rel=\"noopener\">https:\/\/www.jka.or.jp\/en\/about-jka\/qualification\/<\/a><\/p>\n\t\t\t\t\t<\/div>\n\t\t\t\t\t\t\t\t<\/div>\n\t\t\t\t\t\t\t\t<\/li>\n\n\t<\/ul>\n<\/div><\/div><\/div><\/div><\/div><\/div><\/div><\/div><\/div><\/div><\/div>","protected":false},"excerpt":{"rendered":"<p>Pr\u00fcfungsordnung Bitte sehen Sie sich auch den folgenden Link auf die Homepage der Japan Karate Association an (Link auf japanische Website) Diese Ordnung im Link gilt als aktuelle Pr\u00fcfungsordnung! Bitte beachten Sie, dass alle \u00fcbergeordneten Ordnungen des DKV und der JKA f\u00fcr die Bundesstilrichtung Geltung haben. JKA Pr\u00fcfungsordnung (Link auf japanische Website) Effective from 1st April, 2022 Lizenzordnung &amp; Zulassungsordnung Hier finden Sie die <a class=\"read-more\" href=\"https:\/\/www.jka-shokukai.de\/index.php\/ordnungen\/\">read more | mehr&#8230;<\/a><\/p>\n","protected":false},"author":5,"featured_media":0,"parent":0,"menu_order":0,"comment_status":"closed","ping_status":"closed","template":"","meta":{"footnotes":""},"class_list":["post-2154","page","type-page","status-publish","hentry","list-bigimage-post"],"aioseo_notices":[],"_links":{"self":[{"href":"https:\/\/www.jka-shokukai.de\/index.php\/wp-json\/wp\/v2\/pages\/2154","targetHints":{"allow":["GET"]}}],"collection":[{"href":"https:\/\/www.jka-shokukai.de\/index.php\/wp-json\/wp\/v2\/pages"}],"about":[{"href":"https:\/\/www.jka-shokukai.de\/index.php\/wp-json\/wp\/v2\/types\/page"}],"author":[{"embeddable":true,"href":"https:\/\/www.jka-shokukai.de\/index.php\/wp-json\/wp\/v2\/users\/5"}],"replies":[{"embeddable":true,"href":"https:\/\/www.jka-shokukai.de\/index.php\/wp-json\/wp\/v2\/comments?post=2154"}],"version-history":[{"count":24,"href":"https:\/\/www.jka-shokukai.de\/index.php\/wp-json\/wp\/v2\/pages\/2154\/revisions"}],"predecessor-version":[{"id":2504,"href":"https:\/\/www.jka-shokukai.de\/index.php\/wp-json\/wp\/v2\/pages\/2154\/revisions\/2504"}],"wp:attachment":[{"href":"https:\/\/www.jka-shokukai.de\/index.php\/wp-json\/wp\/v2\/media?parent=2154"}],"curies":[{"name":"wp","href":"https:\/\/api.w.org\/{rel}","templated":true}]}}