{"id":545,"date":"2019-03-22T21:15:12","date_gmt":"2019-03-22T20:15:12","guid":{"rendered":"http:\/\/www.jka-shokukai.de\/?page_id=545"},"modified":"2022-07-07T20:55:58","modified_gmt":"2022-07-07T18:55:58","slug":"jka-kata-liste","status":"publish","type":"page","link":"https:\/\/www.jka-shokukai.de\/index.php\/jka-kata-liste\/","title":{"rendered":"JKA Kata-Liste"},"content":{"rendered":"<h2><strong><img loading=\"lazy\" decoding=\"async\" class=\"alignnone size-full wp-image-940\" src=\"https:\/\/www.jka-shokukai.de\/wp-content\/uploads\/2019\/07\/JKA_Shokukai_JKA-Sohonbu-Instructors.png\" alt=\"\" width=\"1720\" height=\"832\" \/>Kata Liste JKA Shotokan:\u00a0<\/strong><\/h2>\n<p>Heian 1-5<br \/>\nTekki 1-3<br \/>\nKanku (Dai und Sho)<br \/>\nBassai (Dai und Sho)<br \/>\nJion<br \/>\nEmpi<br \/>\nHangetsu<br \/>\nGangaku<br \/>\nJitte<br \/>\nNijushiho<br \/>\nSochin<br \/>\nMeikyo<br \/>\nChinte<br \/>\nGojushiho (Dai und Sho)<br \/>\nUnsu<br \/>\nWankan<\/p>\n<p><strong>Nicht im JKA Kata Programm Shotokan Kata:<\/strong><br \/>\nJiin<\/p>\n<h2 class=\"contentheading\"><img loading=\"lazy\" decoding=\"async\" class=\"alignnone size-full wp-image-822\" src=\"https:\/\/www.jka-shokukai.de\/wp-content\/uploads\/2019\/07\/JKA_SHOKUKAI_Kata.png\" alt=\"\" width=\"1720\" height=\"832\" \/>JKA Shotokan \u2013 Kata Vereinheitlichung<\/h2>\n<div class=\"article-content\">\n<p><strong><em>1948<\/em><\/strong>\u00a0gab es ein Treffen aller bedeutenden Shotokan Dojo mit Funakoshi in der Waseda Universit\u00e4t. Hier wurden alle von Funakoshi \u00fcberlieferten Kata unter seiner Leitung vereinheitlicht. Diese Festlegungen sind in Nakayamas Best Karate (Kodansha Verlag Tokyo\u00a0<em><strong>1977 bis 1987<\/strong><\/em>, Best Karate Series, 11 B\u00e4nde ) zu finden. Seit dieser Ver\u00f6ffentlichung gab es jedoch wieder Zahlreiche Abweichungen in den Verb\u00e4nden und auch den einzelnen Dojo der JKA. Schon vor dieser Buchreihe \u201cBest Karate\u201d gab die JKA ein official manual \u201cthe formal exercises of Karate\u201d (Kodansha Tokyo\u00a0<strong><em>1968-1971<\/em><\/strong>) heraus. Hier sieht man bekannte Sensei wie Nishiyama, Kanazawa, Sugiura u.a.m. in jungen Jahren Kata in der Form ausf\u00fchren, die die JKA seit 1994 wieder als Standards praktiziert. Beispiel: in Heian Sandan gibt es keine Mikazuki geri. In der Heian Yondan wird in der Bewegung 8 untergesetzt (hidari ashi dachi, ryoken hidari koshi kamae, migi ashi ura hidari hiza yoko) vor dem zweiten Yoko geri keage.\u00a0 In Heian Godan folgt nach ryosho juji chudan osae uke die Bewegung 11 mit saken chudan zuki (kein Tate Shuto Uke), dann Bewegung 12 migi chudan oi zuki mit kiai. Die nachfolgende Bewegung 13 kiba dachi mit migi sokumen migi gedan barai wird ohne Mikazuki geri und ohne das Knie zu heben ausgef\u00fchrt. Wichtiger Punkt ist, dass die H\u00fcfte bei der Drehung auf einem Level bleibt.<\/p>\n<p><em><strong>1994<\/strong><\/em>\u00a0gab die JKA einen neue Leitfaden heraus.<br \/>\nJKA KATA (in 5 Teilen, zur Zeit nur 2 B\u00e4nde auf Englisch erh\u00e4ltlich, die Kata aus den ersten 3 japanischen B\u00fccher enthalten). Diese Kata beziehen sich haupts\u00e4chlich auf Funakoshis Training, auf Funakoshis Karate-do Kyohan und Nakayamas Best Karate.<\/p>\n<hr \/>\n<p>Die DKV Bundesstilrichtung JKA Shokukai folgt diesen Vorgaben des <a href=\"https:\/\/www.jka.or.jp\/en\/download-JKA-manual\/\" target=\"_blank\" rel=\"noopener noreferrer\">JKA Headquarters<\/a> und deren Wettkampfregeln auf allen Turnieren in Deutschland.<\/p>\n<\/div>\n","protected":false},"excerpt":{"rendered":"<p>Kata Liste JKA Shotokan:\u00a0 Heian 1-5 Tekki 1-3 Kanku (Dai und Sho) Bassai (Dai und Sho) Jion Empi Hangetsu Gangaku Jitte Nijushiho Sochin Meikyo Chinte Gojushiho (Dai und Sho) Unsu Wankan Nicht im JKA Kata Programm Shotokan Kata: Jiin JKA Shotokan \u2013 Kata Vereinheitlichung 1948\u00a0gab es ein Treffen aller bedeutenden Shotokan Dojo mit Funakoshi in der Waseda Universit\u00e4t. Hier wurden alle von Funakoshi \u00fcberlieferten <a class=\"read-more\" href=\"https:\/\/www.jka-shokukai.de\/index.php\/jka-kata-liste\/\">read more | mehr&#8230;<\/a><\/p>\n","protected":false},"author":3,"featured_media":0,"parent":0,"menu_order":0,"comment_status":"closed","ping_status":"closed","template":"","meta":{"footnotes":""},"class_list":["post-545","page","type-page","status-publish","hentry","list-bigimage-post"],"aioseo_notices":[],"_links":{"self":[{"href":"https:\/\/www.jka-shokukai.de\/index.php\/wp-json\/wp\/v2\/pages\/545","targetHints":{"allow":["GET"]}}],"collection":[{"href":"https:\/\/www.jka-shokukai.de\/index.php\/wp-json\/wp\/v2\/pages"}],"about":[{"href":"https:\/\/www.jka-shokukai.de\/index.php\/wp-json\/wp\/v2\/types\/page"}],"author":[{"embeddable":true,"href":"https:\/\/www.jka-shokukai.de\/index.php\/wp-json\/wp\/v2\/users\/3"}],"replies":[{"embeddable":true,"href":"https:\/\/www.jka-shokukai.de\/index.php\/wp-json\/wp\/v2\/comments?post=545"}],"version-history":[{"count":15,"href":"https:\/\/www.jka-shokukai.de\/index.php\/wp-json\/wp\/v2\/pages\/545\/revisions"}],"predecessor-version":[{"id":1143,"href":"https:\/\/www.jka-shokukai.de\/index.php\/wp-json\/wp\/v2\/pages\/545\/revisions\/1143"}],"wp:attachment":[{"href":"https:\/\/www.jka-shokukai.de\/index.php\/wp-json\/wp\/v2\/media?parent=545"}],"curies":[{"name":"wp","href":"https:\/\/api.w.org\/{rel}","templated":true}]}}