{"id":550,"date":"2019-03-22T21:25:01","date_gmt":"2019-03-22T20:25:01","guid":{"rendered":"http:\/\/www.jka-shokukai.de\/?page_id=550"},"modified":"2023-08-05T16:25:30","modified_gmt":"2023-08-05T14:25:30","slug":"jka-pruefungen","status":"publish","type":"page","link":"https:\/\/www.jka-shokukai.de\/index.php\/jka-pruefungen\/","title":{"rendered":"JKA Karate Pr\u00fcfungen"},"content":{"rendered":"<h2><img loading=\"lazy\" decoding=\"async\" class=\"alignnone size-full wp-image-839\" src=\"https:\/\/www.jka-shokukai.de\/wp-content\/uploads\/2019\/07\/JKASHOKUKAI_Kawasoe_Sesnei_Yokogeri.png\" alt=\"\" width=\"1720\" height=\"832\" \/><\/h2>\n<p>Das JKA Karate Kyu und Dan System<\/p>\n<p>Es gibt 10 Kyu und 10 Dan im JKA-Karate. Um eine Zertifizierung f\u00fcr einen Rang zu erhalten, muss man die Zertifizierungsanforderungen erf\u00fcllen und das Pr\u00fcfungsverfahren durchlaufen.<br \/>\nDie Pr\u00fcfung &#8211; oder Einstufungen &#8211; werden von JKA-Ausbildern durchgef\u00fchrt, die als JKA-Fachpr\u00fcfer zugelassen sind.<\/p>\n<p>Das sind Pr\u00fcfer die eine Pr\u00fcfer-Lizenz im DKV und in der JKA halten. Im DKV werden f\u00fcr Kyu-Pr\u00fcfungen National Pr\u00fcfer ausgebildet und eingesetzt. In der JKA WF gelten internationale Pr\u00fcferlizenzen, die durch das Headquarters der Japan Karate Association zertifiziert und vergeben werden. Alle Dan werden durch international zertifizierte JKA-Pr\u00fcfer abgenommen und in die Dan-Rolle der JKA in Tokyo Japan eingetragen. F\u00fcr Deutschland gelten zus\u00e4tzliche spezifische Bestimmungen des DKV.<\/p>\n<h3>\u00a0<img loading=\"lazy\" decoding=\"async\" class=\"wp-image-858 aligncenter\" src=\"https:\/\/www.jka-shokukai.de\/wp-content\/uploads\/2019\/07\/LOGO_JKA.png\" alt=\"\" width=\"256\" height=\"139\" \/><br \/>\nEinheitliche JKA Pr\u00fcfungsordnung vom JKA Headquarters Tokyo<\/h3>\n<p>Die Pr\u00fcfungsordnung im JKA Shokukai ist direkt vom JKA Headquarters Japan \u00fcbernommen und gilt in der Bundesstilrichtung JKA im DKV f\u00fcr unsere Gruppe in ganz Deutschland.<\/p>\n<p><strong>Download Pr\u00fcfungsordnung \/ Link JKA Headquarters<\/strong><\/p>\n<p><a href=\"https:\/\/www.jka.or.jp\/wp\/wp-content\/uploads\/2022\/03\/f421fec70fb6a7004d4e58a7cf567bb9.pdf\" target=\"_blank\" rel=\"noopener\">Pr\u00fcfungsordnung JKA Headquarters (gilt ab 01.04.2022)<\/a><\/p>\n<p>Bitte beachten Sie, dass alle \u00fcbergeordneten <a title=\"Ordnungen\" href=\"https:\/\/www.jka-shokukai.de\/index.php\/ordnungen\/\">Ordnungen<\/a> des <a href=\"https:\/\/www.karate.de\/\" target=\"_blank\" rel=\"noopener\">DKV<\/a> und der <a href=\"https:\/\/www.jka.or.jp\/en\/\" target=\"_blank\" rel=\"noopener\">JKA<\/a> f\u00fcr die Bundesstilrichtung JKA Shokukai Geltung haben.<\/p>\n","protected":false},"excerpt":{"rendered":"<p>Das JKA Karate Kyu und Dan System Es gibt 10 Kyu und 10 Dan im JKA-Karate. Um eine Zertifizierung f\u00fcr einen Rang zu erhalten, muss man die Zertifizierungsanforderungen erf\u00fcllen und das Pr\u00fcfungsverfahren durchlaufen. Die Pr\u00fcfung &#8211; oder Einstufungen &#8211; werden von JKA-Ausbildern durchgef\u00fchrt, die als JKA-Fachpr\u00fcfer zugelassen sind. Das sind Pr\u00fcfer die eine Pr\u00fcfer-Lizenz im DKV und in der JKA halten. Im DKV werden <a class=\"read-more\" href=\"https:\/\/www.jka-shokukai.de\/index.php\/jka-pruefungen\/\">read more | mehr&#8230;<\/a><\/p>\n","protected":false},"author":3,"featured_media":0,"parent":0,"menu_order":0,"comment_status":"closed","ping_status":"closed","template":"","meta":{"footnotes":""},"class_list":["post-550","page","type-page","status-publish","hentry","list-bigimage-post"],"aioseo_notices":[],"_links":{"self":[{"href":"https:\/\/www.jka-shokukai.de\/index.php\/wp-json\/wp\/v2\/pages\/550","targetHints":{"allow":["GET"]}}],"collection":[{"href":"https:\/\/www.jka-shokukai.de\/index.php\/wp-json\/wp\/v2\/pages"}],"about":[{"href":"https:\/\/www.jka-shokukai.de\/index.php\/wp-json\/wp\/v2\/types\/page"}],"author":[{"embeddable":true,"href":"https:\/\/www.jka-shokukai.de\/index.php\/wp-json\/wp\/v2\/users\/3"}],"replies":[{"embeddable":true,"href":"https:\/\/www.jka-shokukai.de\/index.php\/wp-json\/wp\/v2\/comments?post=550"}],"version-history":[{"count":25,"href":"https:\/\/www.jka-shokukai.de\/index.php\/wp-json\/wp\/v2\/pages\/550\/revisions"}],"predecessor-version":[{"id":2181,"href":"https:\/\/www.jka-shokukai.de\/index.php\/wp-json\/wp\/v2\/pages\/550\/revisions\/2181"}],"wp:attachment":[{"href":"https:\/\/www.jka-shokukai.de\/index.php\/wp-json\/wp\/v2\/media?parent=550"}],"curies":[{"name":"wp","href":"https:\/\/api.w.org\/{rel}","templated":true}]}}