{"id":561,"date":"2019-04-03T21:25:43","date_gmt":"2019-04-03T19:25:43","guid":{"rendered":"http:\/\/www.jka-shokukai.de\/?page_id=561"},"modified":"2024-08-09T14:10:37","modified_gmt":"2024-08-09T12:10:37","slug":"jka-karate-im-dkv","status":"publish","type":"page","link":"https:\/\/www.jka-shokukai.de\/index.php\/jka-karate-im-dkv\/","title":{"rendered":"JKA Karate im DKV"},"content":{"rendered":"\n\n<h1 class=\"p1\"><strong><span class=\"s1\"><img loading=\"lazy\" decoding=\"async\" class=\"alignnone size-full wp-image-835\" src=\"https:\/\/www.jka-shokukai.de\/wp-content\/uploads\/2019\/07\/JKASHOKUKAI_JKA-Sohonbu-Dojo01.png\" alt=\"\" width=\"1720\" height=\"832\" \/>JKA Karate als Stilrichtung im DKV 2015<br \/><\/span><\/strong><\/h1>\n<p class=\"p1\"><strong>Das Karate der <a href=\"https:\/\/www.jka.or.jp\" target=\"_blank\" rel=\"noopener noreferrer\">Japan Karate Association<\/a> (JKA) mit seiner staatlichen Anerkennung im Deutschen Karate Verband e.V. (DKV) als feste Gemeinschaft und Stilrichtung zu verankern begann 2010 und wurde 2015 abgeschlossen.\u00a0<\/strong><\/p>\n<p class=\"p1\"><span class=\"s1\">Die JKA ist eine Br\u00fccken zw<\/span><span class=\"s1\">ischen Gegenwart und Vergangenheit. Viele hochrangige Meister entstammen dem JKA Karate oder sind durch seine Prinzipien beeinflusst. Es ist in unseren Augen wichtig, dieses wertvolle St\u00fcck Geschichte zu bewahren und zu pflegen, ohne anderen Str\u00f6mungen oder modernen Anschauungen die Berechtigung abzusprechen.<\/span><\/p>\n<p class=\"p1\"><span class=\"s1\"><strong>Das Alte kennen, um das Neue zu verstehen<\/strong><br \/>Der Einklang zwischen Tradition und Gegenwart hilft die Zukunft besser zu verstehen.<\/span><\/p>\n<p class=\"p1\"><span class=\"s1\">Als am 20.Oktober 1957, das erste nationale Karateturnier Japans ausgerichtet durch die JKA stattfand, wurde der Grundstein f\u00fcr die heutige Entwicklung gelegt. Der Geist dieses ersten JKA-Turniers basierte auf dem urspr\u00fcnglichen Gedanken des Karate, eine finale Technik (Ikken Hissatsu) zu platzieren. Der Budo-Geist war oberste Richtlinie im Training und auch im Wettkampf. In der modernen Zeit kamen Wettkampfregulationen und moderne wissenschaftliche Trainingsmethodiken hinzu, die das Karate und den Karate-Wettkampf formten und weiter entwickelten. Bis heute ist das Shobu Ippon Shiai die Wettkampfart der JKA. Noch in der Gegenwart bestimmen dieser Ippon-Gedanke (ichi gekki hissatsu &#8211; mit einem harten Schlag), das Abschlie\u00dfen der Technik mit Kime und der Budo Spirit (Budo-Geist) das Training in der <a href=\"...\/about-jka\/\">JKA<\/a>.<\/span><\/p>\n<figure id=\"attachment_906\" aria-describedby=\"caption-attachment-906\" style=\"width: 1720px\" class=\"wp-caption alignnone\"><img loading=\"lazy\" decoding=\"async\" class=\"wp-image-906 size-full\" src=\"https:\/\/www.jka-shokukai.de\/wp-content\/uploads\/2019\/07\/JKA_Shokukai_Kawasoe_Sensei_08.png\" alt=\"\" width=\"1720\" height=\"832\" \/><figcaption id=\"caption-attachment-906\" class=\"wp-caption-text\"><sup>JKA Karate Germany &#8211; Training mit Kawasoe Sensei<\/sup><\/figcaption><\/figure>\n<p class=\"p1\"><span class=\"s1\"><strong>Todome Waza &#8211; final blow<\/strong><br \/>Der urspr\u00fcngliche Kerngedanke der Kampfkunst war es, sich gegen potentielle Angreifer zu sch\u00fctzen und Gegner mit einem einzigen entscheidenen Schlag (Todome Waza) ausschalten zu k\u00f6nnen. Im Konzept des Todome Waza spielt der Gedanke &#8222;T\u00f6ten und Get\u00f6tet werden&#8220; der alten japanischen Kriegsk\u00fcnste eine wichtige Rolle. In vergangenen Zeiten war Karate nicht nur ein Weg des Lebens, sondern eine wichtige Methode zum \u00dcberleben. <\/span><\/p>\n<p class=\"p1\"><span class=\"s1\"><strong>Shogai Karate &#8211; Karate f\u00fcr das ganze Leben<\/strong><br \/>Im Laufe der Jahrhunderte hat sich dieses Konzept \u00e4u\u00dferlich gewandelt. Die moderne Gesellschaft hat in ihrer Entwicklung dem Karate zus\u00e4tzliche ethische und gesellschaftlich relevante Aufgaben hinzugef\u00fcgt. So ist Karate zum modernen Karatedo geworden, n\u00fctzlich f\u00fcr K\u00f6rper und Geist. In Japan war hier die JKA mit ihrer fr\u00fchen staatlichen Anerkennung durch das Bildungsministerium Vorreiter. Die JKA formuliert die Entwicklung des Charakters als h\u00f6chstes Ziel im Training der Kunst des Karate. Die Verbindung von K\u00f6rper und Geist steht im Mittelpunkt des Budo-Gedankens und kann nur durch hartes, lebenslanges Training (Shogai Karate) erreicht werden. Diesem Budo Spirit der <a href=\"...\/about-jka\/\">JKA<\/a> folgen wir in allen der JKA Shokukai angegliederten Dojos und Vereinen in Deutschland.<\/span><\/p>\n<figure id=\"attachment_903\" aria-describedby=\"caption-attachment-903\" style=\"width: 1720px\" class=\"wp-caption alignnone\"><img loading=\"lazy\" decoding=\"async\" class=\"wp-image-903 size-full\" src=\"https:\/\/www.jka-shokukai.de\/wp-content\/uploads\/2019\/07\/JKA_Shokukai_Gasshuku_07.png\" alt=\"\" width=\"1720\" height=\"832\" \/><figcaption id=\"caption-attachment-903\" class=\"wp-caption-text\"><sup>JKA Karate Germany<\/sup><\/figcaption><\/figure>\n<p class=\"p1\"><span class=\"s1\"><strong>Die drei Grundfesten<\/strong><br \/><\/span><span class=\"s1\">Charakteristisch f\u00fcr das JKA Karate ist die ganzheitliche und umfassende Einheit in der Betrachtung und Vermittlung der Trainingsinhalte. Die Grundschule (Kihon), die klassischen Form\u00fcbungen (Kata) und die Kampf\u00fcbungen (Kumite) sind dabei die grundlegenden S\u00e4ulen des Trainings. Durch das stetige \u00dcben dieser drei S\u00e4ulen des Karate wachsen unweigerlich Kraft, Herz (Kokorro) und Disziplin.<\/span><\/p>\n<figure id=\"attachment_904\" aria-describedby=\"caption-attachment-904\" style=\"width: 1720px\" class=\"wp-caption alignnone\"><img loading=\"lazy\" decoding=\"async\" class=\"wp-image-904 size-full\" src=\"https:\/\/www.jka-shokukai.de\/wp-content\/uploads\/2019\/07\/JKA_Shokukai_Kawasoe_Sensei_06.png\" alt=\"\" width=\"1720\" height=\"832\" \/><figcaption id=\"caption-attachment-904\" class=\"wp-caption-text\"><sup>JKA Karate Germany &#8211; Kawasoe Sensei<\/sup><\/figcaption><\/figure>\n<p class=\"p1\"><span class=\"s1\"><strong>JKA Karate ist Budo<\/strong><br \/>JKA Karate hat seine Wurzeln im Bushido. In der Tradition von Meister Funakoshi lehrt die Japan Karate Association (JKA) \u00fcber Nakayama Masatoshi, Nishiyama Hidetaka, Sugiura Motokuni bis heute mit JKA Chief Instructor (Shuseki Shihan) Ueki Masaaki unter den Gesichtspunkten des Budo. Wir folgen dieser Linie und m\u00f6chten dazu anregen, gemeinsam die Werte eines respektvollen Miteinanders und F\u00fcreinanders zu pflegen. So sehen wir die Arbeit der JKA Shokukai als ein Betrag zum kulturellen Austausch und zur V\u00f6lkerverst\u00e4ndigung. Kultur- und Freundschaftsaustausch mit Japan, dem Mutterland des Karate erachten wir dabei als besonders wichtig. Trainingslager mit japanischen und internationalen Trainern und Athleten, Vergleichsturniere und regelm\u00e4\u00dfige Besuche des JKA Headquarters in Tokyo stellen wichtige Aktivit\u00e4ten f\u00fcr uns dar. Bei unseren T\u00e4tigkeiten k\u00f6nnen wir uns der Hilfe und Unterst\u00fctzung der WKF und ihrer Mitgliedsl\u00e4nder, des DKV mit seinen Landesverb\u00e4nden, des DOSB und staatlicher Stellen gewiss sein und auf deren F\u00f6rderung z\u00e4hlen.<\/span><\/p>\n<p><a href=\"https:\/\/www.karate.de\" target=\"_blank\" rel=\"noopener noreferrer\"><img loading=\"lazy\" decoding=\"async\" class=\"alignnone size-full wp-image-202 aligncenter\" src=\"https:\/\/www.jka-shokukai.de\/wp-content\/uploads\/2017\/01\/dkv-logo.png\" alt=\"\" width=\"150\" height=\"137\" \/><\/a> <a href=\"https:\/\/www.jka.or.jp\" target=\"_blank\" rel=\"noopener noreferrer\"><img loading=\"lazy\" decoding=\"async\" class=\"size-full wp-image-858 aligncenter\" src=\"https:\/\/www.jka-shokukai.de\/wp-content\/uploads\/2019\/07\/LOGO_JKA.png\" alt=\"\" width=\"255\" height=\"138\" \/><\/a><\/p>\n<hr \/>\n<h2>Zertifikat als durch das JKA HQ autorisierte Organisation in Deutschland<\/h2>\n<p><img loading=\"lazy\" decoding=\"async\" class=\"alignnone size-full wp-image-1301\" src=\"https:\/\/www.jka-shokukai.de\/wp-content\/uploads\/2020\/05\/JKA-Zertifikat.jpg\" alt=\"\" width=\"651\" height=\"798\" \/><\/p>","protected":false},"excerpt":{"rendered":"<p>JKA Karate als Stilrichtung im DKV 2015 Das Karate der Japan Karate Association (JKA) mit seiner staatlichen Anerkennung im Deutschen Karate Verband e.V. (DKV) als feste Gemeinschaft und Stilrichtung zu verankern begann 2010 und wurde 2015 abgeschlossen.\u00a0 Die JKA ist eine Br\u00fccken zwischen Gegenwart und Vergangenheit. Viele hochrangige Meister entstammen dem JKA Karate oder sind durch seine Prinzipien beeinflusst. Es ist in unseren Augen <a class=\"read-more\" href=\"https:\/\/www.jka-shokukai.de\/index.php\/jka-karate-im-dkv\/\">read more | mehr&#8230;<\/a><\/p>\n","protected":false},"author":3,"featured_media":0,"parent":0,"menu_order":0,"comment_status":"closed","ping_status":"closed","template":"","meta":{"footnotes":""},"class_list":["post-561","page","type-page","status-publish","hentry","list-bigimage-post"],"aioseo_notices":[],"_links":{"self":[{"href":"https:\/\/www.jka-shokukai.de\/index.php\/wp-json\/wp\/v2\/pages\/561","targetHints":{"allow":["GET"]}}],"collection":[{"href":"https:\/\/www.jka-shokukai.de\/index.php\/wp-json\/wp\/v2\/pages"}],"about":[{"href":"https:\/\/www.jka-shokukai.de\/index.php\/wp-json\/wp\/v2\/types\/page"}],"author":[{"embeddable":true,"href":"https:\/\/www.jka-shokukai.de\/index.php\/wp-json\/wp\/v2\/users\/3"}],"replies":[{"embeddable":true,"href":"https:\/\/www.jka-shokukai.de\/index.php\/wp-json\/wp\/v2\/comments?post=561"}],"version-history":[{"count":31,"href":"https:\/\/www.jka-shokukai.de\/index.php\/wp-json\/wp\/v2\/pages\/561\/revisions"}],"predecessor-version":[{"id":2497,"href":"https:\/\/www.jka-shokukai.de\/index.php\/wp-json\/wp\/v2\/pages\/561\/revisions\/2497"}],"wp:attachment":[{"href":"https:\/\/www.jka-shokukai.de\/index.php\/wp-json\/wp\/v2\/media?parent=561"}],"curies":[{"name":"wp","href":"https:\/\/api.w.org\/{rel}","templated":true}]}}